{"id":323,"date":"2019-10-29T10:15:12","date_gmt":"2019-10-29T10:15:12","guid":{"rendered":"https:\/\/bridge276.qodeinteractive.com\/?page_id=193"},"modified":"2020-08-26T09:50:27","modified_gmt":"2020-08-26T08:50:27","slug":"home","status":"publish","type":"page","link":"https:\/\/www.ksymenakucharska.pl\/","title":{"rendered":"Home"},"content":{"rendered":"\t\t<div data-elementor-type=\"wp-page\" data-elementor-id=\"323\" class=\"elementor elementor-323\">\n\t\t\t\t\t\t<section class=\"elementor-section elementor-top-section elementor-element elementor-element-46bc5bb elementor-section-full_width elementor-section-height-default elementor-section-height-default parallax_section_no qode_elementor_container_no\" data-id=\"46bc5bb\" data-element_type=\"section\">\n\t\t\t\t\t\t<div class=\"elementor-container elementor-column-gap-no\">\n\t\t\t\t\t<div class=\"elementor-column elementor-col-100 elementor-top-column elementor-element elementor-element-91ae4a5\" data-id=\"91ae4a5\" data-element_type=\"column\">\n\t\t\t<div class=\"elementor-widget-wrap elementor-element-populated\">\n\t\t\t\t\t\t<div class=\"elementor-element elementor-element-0650476 elementor-widget elementor-widget-bridge_portfolio_list\" data-id=\"0650476\" data-element_type=\"widget\" data-widget_type=\"bridge_portfolio_list.default\">\n\t\t\t\t<div class=\"elementor-widget-container\">\n\t\t\t\t\t<div class='projects_holder_outer v3 portfolio_with_space portfolio_with_hover_text'>\n        <div class='projects_holder portfolio_main_holder clearfix v3  hover_text portfolio_landscape_image portfolio_one_by_one'>\n        \n        <article class='mix default' style=''>\n    \n    \n    \n    \n            <div class=\"item_holder cursor_change_hover\">\n\n                    <div class=\"text_holder\">\n        <div class=\"text_holder_outer\">\n            <div class=\"text_holder_inner\">\n            \n    <h5 itemprop=\"name\" class=\"portfolio_title entry_title\"><a itemprop=\"url\" href=\"https:\/\/www.ksymenakucharska.pl\/?portfolio_page=mieszkanie-na-kameralnej\"  target=\"_self\"> mieszkanie na Kameralnej \/ Praga P\u00f3\u0142noc<\/a><\/h5>\n\n            <\/div>\n        <\/div>\n    <\/div>\n\n                                    <a itemprop=\"url\" class=\"portfolio_link_class\" title=\"mieszkanie na Kameralnej \/ Praga P\u00f3\u0142noc\" href=\"https:\/\/www.ksymenakucharska.pl\/?portfolio_page=mieszkanie-na-kameralnej\"><\/a>\n                \n                <div style=\"\" class=\"portfolio_shader\"><\/div>\n                <div class=\"image_holder\">\n                    \n<span class='image'><img fetchpriority=\"high\" decoding=\"async\" width=\"800\" height=\"600\" src=\"https:\/\/www.ksymenakucharska.pl\/wp-content\/uploads\/2022\/06\/KsymenaKucharska-Migdal-small-1-800x600.jpg\" class=\"attachment-portfolio-landscape size-portfolio-landscape wp-post-image\" alt=\"\" \/><\/span>                <\/div>\n            <\/div>\n\n        \n    \n<\/article>\n<article class='mix default' style=''>\n    \n    \n    \n    \n            <div class=\"item_holder cursor_change_hover\">\n\n                    <div class=\"text_holder\">\n        <div class=\"text_holder_outer\">\n            <div class=\"text_holder_inner\">\n            \n    <h5 itemprop=\"name\" class=\"portfolio_title entry_title\"><a itemprop=\"url\" href=\"https:\/\/www.ksymenakucharska.pl\/?portfolio_page=mieszkanie-przy-solidarnosci-srodmiescie\"  target=\"_self\"> mieszkanie przy Solidarno\u015bci \/ \u015ar\u00f3dmie\u015bcie<\/a><\/h5>\n\n            <\/div>\n        <\/div>\n    <\/div>\n\n                                    <a itemprop=\"url\" class=\"portfolio_link_class\" title=\"mieszkanie przy Solidarno\u015bci \/ \u015ar\u00f3dmie\u015bcie\" href=\"https:\/\/www.ksymenakucharska.pl\/?portfolio_page=mieszkanie-przy-solidarnosci-srodmiescie\"><\/a>\n                \n                <div style=\"\" class=\"portfolio_shader\"><\/div>\n                <div class=\"image_holder\">\n                    \n<span class='image'><img decoding=\"async\" width=\"800\" height=\"600\" src=\"https:\/\/www.ksymenakucharska.pl\/wp-content\/uploads\/2022\/08\/na-str-4-800x600.jpg\" class=\"attachment-portfolio-landscape size-portfolio-landscape wp-post-image\" alt=\"\" \/><\/span>                <\/div>\n            <\/div>\n\n        \n    \n<\/article>\n<article class='mix default' style=''>\n    \n    \n    \n    \n            <div class=\"item_holder cursor_change_hover\">\n\n                    <div class=\"text_holder\">\n        <div class=\"text_holder_outer\">\n            <div class=\"text_holder_inner\">\n            \n    <h5 itemprop=\"name\" class=\"portfolio_title entry_title\"><a itemprop=\"url\" href=\"https:\/\/www.ksymenakucharska.pl\/?portfolio_page=mieszkanie-przy-alei-niepodleglosci\"  target=\"_self\"> Mieszkanie przy Alei Niepodleg\u0142o\u015bci \/ Stary Mokot\u00f3w<\/a><\/h5>\n\n            <\/div>\n        <\/div>\n    <\/div>\n\n                                    <a itemprop=\"url\" class=\"portfolio_link_class\" title=\"Mieszkanie przy Alei Niepodleg\u0142o\u015bci \/ Stary Mokot\u00f3w\" href=\"https:\/\/www.ksymenakucharska.pl\/?portfolio_page=mieszkanie-przy-alei-niepodleglosci\"><\/a>\n                \n                <div style=\"\" class=\"portfolio_shader\"><\/div>\n                <div class=\"image_holder\">\n                    \n<span class='image'><img decoding=\"async\" width=\"800\" height=\"600\" src=\"https:\/\/www.ksymenakucharska.pl\/wp-content\/uploads\/2020\/10\/2-Salon-800x600.jpg\" class=\"attachment-portfolio-landscape size-portfolio-landscape wp-post-image\" alt=\"\" \/><\/span>                <\/div>\n            <\/div>\n\n        \n    \n<\/article>\n<article class='mix default' style=''>\n    \n    \n    \n    \n            <div class=\"item_holder cursor_change_hover\">\n\n                    <div class=\"text_holder\">\n        <div class=\"text_holder_outer\">\n            <div class=\"text_holder_inner\">\n            \n    <h5 itemprop=\"name\" class=\"portfolio_title entry_title\"><a itemprop=\"url\" href=\"https:\/\/www.ksymenakucharska.pl\/?portfolio_page=mieszkanie-na-zoliborzu-2\"  target=\"_self\"> Mieszkanie przy H\u00fcbnera \/ \u017boliborz<\/a><\/h5>\n\n            <\/div>\n        <\/div>\n    <\/div>\n\n                                    <a itemprop=\"url\" class=\"portfolio_link_class\" title=\"Mieszkanie przy H\u00fcbnera \/ \u017boliborz\" href=\"https:\/\/www.ksymenakucharska.pl\/?portfolio_page=mieszkanie-na-zoliborzu-2\"><\/a>\n                \n                <div style=\"\" class=\"portfolio_shader\"><\/div>\n                <div class=\"image_holder\">\n                    \n<span class='image'><img loading=\"lazy\" decoding=\"async\" width=\"800\" height=\"600\" src=\"https:\/\/www.ksymenakucharska.pl\/wp-content\/uploads\/2020\/12\/1-1-800x600.jpg\" class=\"attachment-portfolio-landscape size-portfolio-landscape wp-post-image\" alt=\"\" \/><\/span>                <\/div>\n            <\/div>\n\n        \n    \n<\/article>\n<article class='mix default' style=''>\n    \n    \n    \n    \n            <div class=\"item_holder cursor_change_hover\">\n\n                    <div class=\"text_holder\">\n        <div class=\"text_holder_outer\">\n            <div class=\"text_holder_inner\">\n            \n    <h5 itemprop=\"name\" class=\"portfolio_title entry_title\"><a itemprop=\"url\" href=\"https:\/\/www.ksymenakucharska.pl\/?portfolio_page=mieszkanie-na-sadach-zoliborskich\"  target=\"_self\"> Mieszkanie na Sadach \u017boliborskich<\/a><\/h5>\n\n            <\/div>\n        <\/div>\n    <\/div>\n\n                                    <a itemprop=\"url\" class=\"portfolio_link_class\" title=\"Mieszkanie na Sadach \u017boliborskich\" href=\"https:\/\/www.ksymenakucharska.pl\/?portfolio_page=mieszkanie-na-sadach-zoliborskich\"><\/a>\n                \n                <div style=\"\" class=\"portfolio_shader\"><\/div>\n                <div class=\"image_holder\">\n                    \n<span class='image'><img loading=\"lazy\" decoding=\"async\" width=\"800\" height=\"600\" src=\"https:\/\/www.ksymenakucharska.pl\/wp-content\/uploads\/2020\/11\/GKF_1766-800x600.jpg\" class=\"attachment-portfolio-landscape size-portfolio-landscape wp-post-image\" alt=\"\" \/><\/span>                <\/div>\n            <\/div>\n\n        \n    \n<\/article>\n<article class='mix default' style=''>\n    \n    \n    \n    \n            <div class=\"item_holder cursor_change_hover\">\n\n                    <div class=\"text_holder\">\n        <div class=\"text_holder_outer\">\n            <div class=\"text_holder_inner\">\n            \n    <h5 itemprop=\"name\" class=\"portfolio_title entry_title\"><a itemprop=\"url\" href=\"https:\/\/www.ksymenakucharska.pl\/?portfolio_page=mieszkanie-na-zoliborzu\"  target=\"_self\"> Apartament na \u017boliborzu<\/a><\/h5>\n\n            <\/div>\n        <\/div>\n    <\/div>\n\n                                    <a itemprop=\"url\" class=\"portfolio_link_class\" title=\"Apartament na \u017boliborzu\" href=\"https:\/\/www.ksymenakucharska.pl\/?portfolio_page=mieszkanie-na-zoliborzu\"><\/a>\n                \n                <div style=\"\" class=\"portfolio_shader\"><\/div>\n                <div class=\"image_holder\">\n                    \n<span class='image'><img loading=\"lazy\" decoding=\"async\" width=\"800\" height=\"600\" src=\"https:\/\/www.ksymenakucharska.pl\/wp-content\/uploads\/2018\/04\/MZ_2-realizacja_zdj-kuchnia-800x600.jpg\" class=\"attachment-portfolio-landscape size-portfolio-landscape wp-post-image\" alt=\"\" \/><\/span>                <\/div>\n            <\/div>\n\n        \n    \n<\/article>\n<article class='mix default' style=''>\n    \n    \n    \n    \n            <div class=\"item_holder cursor_change_hover\">\n\n                    <div class=\"text_holder\">\n        <div class=\"text_holder_outer\">\n            <div class=\"text_holder_inner\">\n            \n    <h5 itemprop=\"name\" class=\"portfolio_title entry_title\"><a itemprop=\"url\" href=\"https:\/\/www.ksymenakucharska.pl\/?portfolio_page=mieszkanie-na-wynajem-na-zoliborzu\"  target=\"_self\"> Mieszkanie przy W\u0142o\u015bcia\u0144skiej \/ \u017boliborz<\/a><\/h5>\n\n            <\/div>\n        <\/div>\n    <\/div>\n\n                                    <a itemprop=\"url\" class=\"portfolio_link_class\" title=\"Mieszkanie przy W\u0142o\u015bcia\u0144skiej \/ \u017boliborz\" href=\"https:\/\/www.ksymenakucharska.pl\/?portfolio_page=mieszkanie-na-wynajem-na-zoliborzu\"><\/a>\n                \n                <div style=\"\" class=\"portfolio_shader\"><\/div>\n                <div class=\"image_holder\">\n                    \n<span class='image'><img loading=\"lazy\" decoding=\"async\" width=\"800\" height=\"600\" src=\"https:\/\/www.ksymenakucharska.pl\/wp-content\/uploads\/2020\/05\/Zdjecie-otwierajace-realizacje-na-stronie-800x600.jpg\" class=\"attachment-portfolio-landscape size-portfolio-landscape wp-post-image\" alt=\"\" \/><\/span>                <\/div>\n            <\/div>\n\n        \n    \n<\/article>\n<article class='mix default' style=''>\n    \n    \n    \n    \n            <div class=\"item_holder cursor_change_hover\">\n\n                    <div class=\"text_holder\">\n        <div class=\"text_holder_outer\">\n            <div class=\"text_holder_inner\">\n            \n    <h5 itemprop=\"name\" class=\"portfolio_title entry_title\"><a itemprop=\"url\" href=\"https:\/\/www.ksymenakucharska.pl\/?portfolio_page=mieszkanie-na-ul-rydygiera\"  target=\"_self\"> Mieszkanie na ul. Rydygiera<\/a><\/h5>\n\n            <\/div>\n        <\/div>\n    <\/div>\n\n                                    <a itemprop=\"url\" class=\"portfolio_link_class\" title=\"Mieszkanie na ul. Rydygiera\" href=\"https:\/\/www.ksymenakucharska.pl\/?portfolio_page=mieszkanie-na-ul-rydygiera\"><\/a>\n                \n                <div style=\"\" class=\"portfolio_shader\"><\/div>\n                <div class=\"image_holder\">\n                    \n<span class='image'><img loading=\"lazy\" decoding=\"async\" width=\"800\" height=\"600\" src=\"https:\/\/www.ksymenakucharska.pl\/wp-content\/uploads\/2020\/04\/3-RYDYGIERA_wnetrze_small-22-800x600.jpg\" class=\"attachment-portfolio-landscape size-portfolio-landscape wp-post-image\" alt=\"\" \/><\/span>                <\/div>\n            <\/div>\n\n        \n    \n<\/article>\n<article class='mix default' style=''>\n    \n    \n    \n    \n            <div class=\"item_holder cursor_change_hover\">\n\n                    <div class=\"text_holder\">\n        <div class=\"text_holder_outer\">\n            <div class=\"text_holder_inner\">\n            \n    <h5 itemprop=\"name\" class=\"portfolio_title entry_title\"><a itemprop=\"url\" href=\"https:\/\/www.ksymenakucharska.pl\/?portfolio_page=mieszkanie-na-warszawskim-wrzecionie\"  target=\"_self\"> mieszkanie na warszawskim Wrzecionie<\/a><\/h5>\n\n            <\/div>\n        <\/div>\n    <\/div>\n\n                                    <a itemprop=\"url\" class=\"portfolio_link_class\" title=\"mieszkanie na warszawskim Wrzecionie\" href=\"https:\/\/www.ksymenakucharska.pl\/?portfolio_page=mieszkanie-na-warszawskim-wrzecionie\"><\/a>\n                \n                <div style=\"\" class=\"portfolio_shader\"><\/div>\n                <div class=\"image_holder\">\n                    \n<span class='image'><img loading=\"lazy\" decoding=\"async\" width=\"800\" height=\"600\" src=\"https:\/\/www.ksymenakucharska.pl\/wp-content\/uploads\/2022\/03\/IMG_3721-800x600.jpg\" class=\"attachment-portfolio-landscape size-portfolio-landscape wp-post-image\" alt=\"\" \/><\/span>                <\/div>\n            <\/div>\n\n        \n    \n<\/article>\n<article class='mix default' style=''>\n    \n    \n    \n    \n            <div class=\"item_holder cursor_change_hover\">\n\n                    <div class=\"text_holder\">\n        <div class=\"text_holder_outer\">\n            <div class=\"text_holder_inner\">\n            \n    <h5 itemprop=\"name\" class=\"portfolio_title entry_title\"><a itemprop=\"url\" href=\"https:\/\/www.ksymenakucharska.pl\/?portfolio_page=mieszkanie-pod-wynajem-na-grochowskiej\"  target=\"_self\"> Mieszkanie pod wynajem na Grochowskiej<\/a><\/h5>\n\n            <\/div>\n        <\/div>\n    <\/div>\n\n                                    <a itemprop=\"url\" class=\"portfolio_link_class\" title=\"Mieszkanie pod wynajem na Grochowskiej\" href=\"https:\/\/www.ksymenakucharska.pl\/?portfolio_page=mieszkanie-pod-wynajem-na-grochowskiej\"><\/a>\n                \n                <div style=\"\" class=\"portfolio_shader\"><\/div>\n                <div class=\"image_holder\">\n                    \n<span class='image'><img loading=\"lazy\" decoding=\"async\" width=\"800\" height=\"600\" src=\"https:\/\/www.ksymenakucharska.pl\/wp-content\/uploads\/2020\/10\/1-1-800x600.png\" class=\"attachment-portfolio-landscape size-portfolio-landscape wp-post-image\" alt=\"\" \/><\/span>                <\/div>\n            <\/div>\n\n        \n    \n<\/article>\n<article class='mix large_width' style=''>\n    \n    \n    \n    \n            <div class=\"item_holder cursor_change_hover\">\n\n                    <div class=\"text_holder\">\n        <div class=\"text_holder_outer\">\n            <div class=\"text_holder_inner\">\n            \n    <h5 itemprop=\"name\" class=\"portfolio_title entry_title\"><a itemprop=\"url\" href=\"https:\/\/www.ksymenakucharska.pl\/?portfolio_page=mieszkanie-na-ul-krasinskiego\"  target=\"_self\"> Mieszkanie na ul. Krasi\u0144skiego<\/a><\/h5>\n\n            <\/div>\n        <\/div>\n    <\/div>\n\n                                    <a itemprop=\"url\" class=\"portfolio_link_class\" title=\"Mieszkanie na ul. Krasi\u0144skiego\" href=\"https:\/\/www.ksymenakucharska.pl\/?portfolio_page=mieszkanie-na-ul-krasinskiego\"><\/a>\n                \n                <div style=\"\" class=\"portfolio_shader\"><\/div>\n                <div class=\"image_holder\">\n                    \n<span class='image'><img loading=\"lazy\" decoding=\"async\" width=\"800\" height=\"600\" src=\"https:\/\/www.ksymenakucharska.pl\/wp-content\/uploads\/2020\/04\/D7806053-0F9C-4553-AA37-8E4B84869E84-1-800x600.jpg\" class=\"attachment-portfolio-landscape size-portfolio-landscape wp-post-image\" alt=\"\" \/><\/span>                <\/div>\n            <\/div>\n\n        \n    \n<\/article>\n        <div class='filler'><\/div>\n            <div class='filler'><\/div>\n            <div class='filler'><\/div>\n        <\/div>\n\n    \n    <\/div>\t\t\t\t<\/div>\n\t\t\t\t<\/div>\n\t\t\t\t\t<\/div>\n\t\t<\/div>\n\t\t\t\t\t<\/div>\n\t\t<\/section>\n\t\t\t\t<\/div>\n\t\t","protected":false},"excerpt":{"rendered":"<p>Apartament na \u017boliborzu Mieszkanie na ul. Rydygiera Mieszkanie na wynajem na \u017boliborzu Mieszkanie na ul. Krasi\u0144skiego<\/p>\n","protected":false},"author":1,"featured_media":0,"parent":0,"menu_order":0,"comment_status":"closed","ping_status":"closed","template":"full_width.php","meta":{"content-type":"","footnotes":""},"class_list":["post-323","page","type-page","status-publish","hentry"],"_links":{"self":[{"href":"https:\/\/www.ksymenakucharska.pl\/index.php?rest_route=\/wp\/v2\/pages\/323","targetHints":{"allow":["GET"]}}],"collection":[{"href":"https:\/\/www.ksymenakucharska.pl\/index.php?rest_route=\/wp\/v2\/pages"}],"about":[{"href":"https:\/\/www.ksymenakucharska.pl\/index.php?rest_route=\/wp\/v2\/types\/page"}],"author":[{"embeddable":true,"href":"https:\/\/www.ksymenakucharska.pl\/index.php?rest_route=\/wp\/v2\/users\/1"}],"replies":[{"embeddable":true,"href":"https:\/\/www.ksymenakucharska.pl\/index.php?rest_route=%2Fwp%2Fv2%2Fcomments&post=323"}],"version-history":[{"count":7,"href":"https:\/\/www.ksymenakucharska.pl\/index.php?rest_route=\/wp\/v2\/pages\/323\/revisions"}],"predecessor-version":[{"id":16315,"href":"https:\/\/www.ksymenakucharska.pl\/index.php?rest_route=\/wp\/v2\/pages\/323\/revisions\/16315"}],"wp:attachment":[{"href":"https:\/\/www.ksymenakucharska.pl\/index.php?rest_route=%2Fwp%2Fv2%2Fmedia&parent=323"}],"curies":[{"name":"wp","href":"https:\/\/api.w.org\/{rel}","templated":true}]}}