{"id":16240,"date":"2020-04-19T20:51:12","date_gmt":"2020-04-19T19:51:12","guid":{"rendered":"http:\/\/www.ksymenakucharska.pl\/?page_id=16240"},"modified":"2020-11-16T18:47:13","modified_gmt":"2020-11-16T17:47:13","slug":"o-mnie","status":"publish","type":"page","link":"https:\/\/www.ksymenakucharska.pl\/?page_id=16240","title":{"rendered":"O mnie"},"content":{"rendered":"\t\t<div data-elementor-type=\"wp-page\" data-elementor-id=\"16240\" class=\"elementor elementor-16240\">\n\t\t\t\t\t\t<section class=\"elementor-section elementor-top-section elementor-element elementor-element-9591f54 elementor-section-boxed elementor-section-height-default elementor-section-height-default parallax_section_no qode_elementor_container_no\" data-id=\"9591f54\" data-element_type=\"section\">\n\t\t\t\t\t\t<div class=\"elementor-container elementor-column-gap-default\">\n\t\t\t\t\t<div class=\"elementor-column elementor-col-50 elementor-top-column elementor-element elementor-element-761e671\" data-id=\"761e671\" data-element_type=\"column\">\n\t\t\t<div class=\"elementor-widget-wrap elementor-element-populated\">\n\t\t\t\t\t\t<div class=\"elementor-element elementor-element-0bcfcc4 elementor-widget elementor-widget-image\" data-id=\"0bcfcc4\" data-element_type=\"widget\" data-widget_type=\"image.default\">\n\t\t\t\t<div class=\"elementor-widget-container\">\n\t\t\t\t\t\t\t\t\t\t\t\t\t\t\t<img fetchpriority=\"high\" decoding=\"async\" width=\"768\" height=\"1024\" src=\"https:\/\/www.ksymenakucharska.pl\/wp-content\/uploads\/2020\/10\/Portret-na-strone-www-768x1024.jpg\" class=\"attachment-large size-large wp-image-16318\" alt=\"\" srcset=\"https:\/\/www.ksymenakucharska.pl\/wp-content\/uploads\/2020\/10\/Portret-na-strone-www-768x1024.jpg 768w, https:\/\/www.ksymenakucharska.pl\/wp-content\/uploads\/2020\/10\/Portret-na-strone-www-225x300.jpg 225w, https:\/\/www.ksymenakucharska.pl\/wp-content\/uploads\/2020\/10\/Portret-na-strone-www-1152x1536.jpg 1152w, https:\/\/www.ksymenakucharska.pl\/wp-content\/uploads\/2020\/10\/Portret-na-strone-www-1536x2048.jpg 1536w, https:\/\/www.ksymenakucharska.pl\/wp-content\/uploads\/2020\/10\/Portret-na-strone-www-600x800.jpg 600w, https:\/\/www.ksymenakucharska.pl\/wp-content\/uploads\/2020\/10\/Portret-na-strone-www-700x933.jpg 700w, https:\/\/www.ksymenakucharska.pl\/wp-content\/uploads\/2020\/10\/Portret-na-strone-www-scaled.jpg 1920w\" sizes=\"(max-width: 768px) 100vw, 768px\" \/>\t\t\t\t\t\t\t\t\t\t\t\t\t\t\t<\/div>\n\t\t\t\t<\/div>\n\t\t\t\t\t<\/div>\n\t\t<\/div>\n\t\t\t\t<div class=\"elementor-column elementor-col-50 elementor-top-column elementor-element elementor-element-5b792d7\" data-id=\"5b792d7\" data-element_type=\"column\">\n\t\t\t<div class=\"elementor-widget-wrap elementor-element-populated\">\n\t\t\t\t\t\t<div class=\"elementor-element elementor-element-8a16374 elementor-widget elementor-widget-text-editor\" data-id=\"8a16374\" data-element_type=\"widget\" data-widget_type=\"text-editor.default\">\n\t\t\t\t<div class=\"elementor-widget-container\">\n\t\t\t\t\t\t\t\t\t<h3 class=\"MsoNormal\">&nbsp;<\/h3>\n<p class=\"MsoNormal\">\n<\/p><p class=\"MsoNormal\">\n<\/p><p class=\"MsoNormal\">Absolwentka studi\u00f3w na wydziale architektury w Warszawie.<\/p>\n<p class=\"MsoNormal\">Dyplom in\u017cynierski pod kierunkiem prof. nadzw. sztuk plast. <br>Stanis\u0142awa Gontarczyka, specjalizacja: meblarstwo.<\/p>\n<p class=\"MsoNormal\">Po uko\u0144czeniu studi\u00f3w w 2014 roku zdobywa\u0142a do\u015bwiadczenie w<br>warszawskich pracowniach wn\u0119trz i architektury, m.in. Beza Projekt.<\/p>\n<p style=\"background-color: #ffffff;\">\n<\/p><p class=\"MsoNormal\">Prowadzi w\u0142asn\u0105 praktyk\u0119 projektow\u0105 z zakresu architektury<br>wn\u0119trz prywatnych i komercyjnych oraz meblarstwa.<\/p>\t\t\t\t\t\t\t\t<\/div>\n\t\t\t\t<\/div>\n\t\t\t\t\t<\/div>\n\t\t<\/div>\n\t\t\t\t\t<\/div>\n\t\t<\/section>\n\t\t\t\t<\/div>\n\t\t","protected":false},"excerpt":{"rendered":"<p>&nbsp; Absolwentka studi\u00f3w na wydziale architektury w Warszawie. Dyplom in\u017cynierski pod kierunkiem prof. nadzw. sztuk plast. Stanis\u0142awa Gontarczyka, specjalizacja: meblarstwo. Po uko\u0144czeniu studi\u00f3w w 2014 roku zdobywa\u0142a do\u015bwiadczenie wwarszawskich pracowniach wn\u0119trz i architektury, m.in. Beza Projekt. Prowadzi w\u0142asn\u0105 praktyk\u0119 projektow\u0105 z zakresu architekturywn\u0119trz prywatnych i&#8230;<\/p>\n","protected":false},"author":1,"featured_media":0,"parent":0,"menu_order":0,"comment_status":"closed","ping_status":"closed","template":"","meta":{"content-type":"","footnotes":""},"class_list":["post-16240","page","type-page","status-publish","hentry"],"_links":{"self":[{"href":"https:\/\/www.ksymenakucharska.pl\/index.php?rest_route=\/wp\/v2\/pages\/16240","targetHints":{"allow":["GET"]}}],"collection":[{"href":"https:\/\/www.ksymenakucharska.pl\/index.php?rest_route=\/wp\/v2\/pages"}],"about":[{"href":"https:\/\/www.ksymenakucharska.pl\/index.php?rest_route=\/wp\/v2\/types\/page"}],"author":[{"embeddable":true,"href":"https:\/\/www.ksymenakucharska.pl\/index.php?rest_route=\/wp\/v2\/users\/1"}],"replies":[{"embeddable":true,"href":"https:\/\/www.ksymenakucharska.pl\/index.php?rest_route=%2Fwp%2Fv2%2Fcomments&post=16240"}],"version-history":[{"count":15,"href":"https:\/\/www.ksymenakucharska.pl\/index.php?rest_route=\/wp\/v2\/pages\/16240\/revisions"}],"predecessor-version":[{"id":16474,"href":"https:\/\/www.ksymenakucharska.pl\/index.php?rest_route=\/wp\/v2\/pages\/16240\/revisions\/16474"}],"wp:attachment":[{"href":"https:\/\/www.ksymenakucharska.pl\/index.php?rest_route=%2Fwp%2Fv2%2Fmedia&parent=16240"}],"curies":[{"name":"wp","href":"https:\/\/api.w.org\/{rel}","templated":true}]}}